{"id":7,"date":"2008-02-24T03:25:51","date_gmt":"2008-02-24T02:25:51","guid":{"rendered":"http:\/\/lanequibutine.lapin-blanc.net\/blog\/english\/"},"modified":"2012-12-16T02:29:34","modified_gmt":"2012-12-16T01:29:34","slug":"english","status":"publish","type":"page","link":"https:\/\/www.anequibutine.com\/blog\/english\/","title":{"rendered":"Presentation"},"content":{"rendered":"<p><strong>L\u2019\u00c2ne qui butine<\/strong><\/p>\n<blockquote><p><a href=\"https:\/\/www.anequibutine.com\/blog\/wp-content\/uploads\/2008\/03\/cv-perso-court-pour-revue.doc\">Anne Letor\u00e9<\/a> (chief of fabrication in printed paper)) &amp;<br \/>\n<a href=\"https:\/\/www.anequibutine.com\/blog\/wp-content\/uploads\/2008\/03\/cv-xtof.doc\"> Christoph Bruneel<\/a> (bookmaker &amp; bookshrink)<\/p><\/blockquote>\n<p><a title=\"Presentatie (Nederlands)\" href=\"https:\/\/www.anequibutine.com\/blog\/nederlands\/\"><img decoding=\"async\" alt=\"be\" src=\"\/images\/be.png\" \/> Nederlands<\/a><br \/>\n<a title=\"Pr\u00e9sentation (Fran\u00e7ais)\" href=\"https:\/\/www.anequibutine.com\/\/blog\/presentation\/\"><img loading=\"lazy\" decoding=\"async\" alt=\"en\" src=\"\/images\/fr.gif\" width=\"30\" height=\"20\" \/> Fran\u00e7ais<\/a><\/p>\n<p>Transfrontier smallpress (France-Belgium) with B.I.O. recepies (Beautiful Imagination of origins) created in 1999.<\/p>\n<p>For L\u2019\u00c2ne qui butine (The Donkey that grasps) Christoph Bruneel, \/artist \u2013 gardener of languages and frogs\/, and Anne Letor\u00e9, \/inventress of stories \u2013 go-between of food\/, create artistbooks that can deviate from traditionel forms of books : a ball made of a long inscribed thong of paper, a book to suspend, a meat-circular printed on a \u2026death-circular\u2026<br \/>\n\u201cThe Donkey\u201d published about 100 writers (France, Belgium (French &amp; Flemish), Qu\u00e9bec, Switzerland\u2026) on its own funds. All writers have a poetic attitude and beatitude towards \u201cThe Donkey\u201d(!)\u2026 the perfection of character ?<\/p>\n<p>he world of \u201cThe Donkey\u201d is also specifically a weaving of meetings articulating the collection between text &amp; image, object &amp; book, line &amp; paper.<\/p>\n<p>ometimes \u201cThe Donkey\u201d unveils itself to the world by the way of ephemeral poetic actions : in a tree, near a source, around multidimensional expositions, around a meal on a theme\u2026<\/p>\n<p id=\"contacts\"><em>Contact :<\/em><br \/>\nAnne Letor\u00e9 &amp; Christoph Bruneel<br \/>\n28, rue du Chemin de Fer, 7700 Mouscron, Belgique<br \/>\nT\u00e9l : +32 56 84 57 52<br \/>\n<a onclick=\"return top.js.OpenExtLink(window,event,this)\" href=\"mailto:anequibutine@gmail.com\">anequibutine@gmail.com<\/a><\/p>\n","protected":false},"excerpt":{"rendered":"<p>L\u2019\u00c2ne qui butine Anne Letor\u00e9 (chief of fabrication in printed paper)) &amp; Christoph Bruneel (bookmaker &amp; bookshrink) Nederlands Fran\u00e7ais Transfrontier smallpress (France-Belgium) with B.I.O. recepies (Beautiful Imagination of origins) created in 1999. For L\u2019\u00c2ne qui butine (The Donkey that grasps) Christoph Bruneel, \/artist \u2013 gardener of languages and frogs\/, and Anne Letor\u00e9, \/inventress of stories [&hellip;]<\/p>\n","protected":false},"author":1,"featured_media":0,"parent":0,"menu_order":0,"comment_status":"open","ping_status":"open","template":"","meta":{"footnotes":""},"class_list":["post-7","page","type-page","status-publish","hentry"],"_links":{"self":[{"href":"https:\/\/www.anequibutine.com\/blog\/wp-json\/wp\/v2\/pages\/7","targetHints":{"allow":["GET"]}}],"collection":[{"href":"https:\/\/www.anequibutine.com\/blog\/wp-json\/wp\/v2\/pages"}],"about":[{"href":"https:\/\/www.anequibutine.com\/blog\/wp-json\/wp\/v2\/types\/page"}],"author":[{"embeddable":true,"href":"https:\/\/www.anequibutine.com\/blog\/wp-json\/wp\/v2\/users\/1"}],"replies":[{"embeddable":true,"href":"https:\/\/www.anequibutine.com\/blog\/wp-json\/wp\/v2\/comments?post=7"}],"version-history":[{"count":5,"href":"https:\/\/www.anequibutine.com\/blog\/wp-json\/wp\/v2\/pages\/7\/revisions"}],"predecessor-version":[{"id":69,"href":"https:\/\/www.anequibutine.com\/blog\/wp-json\/wp\/v2\/pages\/7\/revisions\/69"}],"wp:attachment":[{"href":"https:\/\/www.anequibutine.com\/blog\/wp-json\/wp\/v2\/media?parent=7"}],"curies":[{"name":"wp","href":"https:\/\/api.w.org\/{rel}","templated":true}]}}